{"id":3638,"date":"2025-10-30T08:57:34","date_gmt":"2025-10-30T05:57:34","guid":{"rendered":"https:\/\/www.tarzfm.net\/?page_id=3638"},"modified":"2026-02-06T17:40:47","modified_gmt":"2026-02-06T14:40:47","slug":"yayin-akisi","status":"publish","type":"page","link":"https:\/\/www.tarzfm.net\/index.php\/yayin-akisi\/","title":{"rendered":"Yay\u0131n Ak\u0131\u015f\u0131"},"content":{"rendered":"\n<h2 class=\"wp-block-heading has-text-align-center\"><strong>Hafta \u0130\u00e7i<\/strong><\/h2>\n\n\n\n<figure class=\"wp-block-table is-style-stripes\"><table class=\"has-fixed-layout\"><tbody><tr><td class=\"has-text-align-left\" data-align=\"left\">\ud83d\udd52 01:00 &#8211; 07:00<\/td><td>TarZ M\u00fczik<\/td><\/tr><tr><td class=\"has-text-align-left\" data-align=\"left\">\ud83d\udd52 07:00 &#8211; 10:00<\/td><td>TarZ Pop M\u00fczik<\/td><\/tr><tr><td class=\"has-text-align-left\" data-align=\"left\">\ud83d\udd52 10:00 &#8211; 13:00<\/td><td>TarZ Slow M\u00fczik<\/td><\/tr><tr><td class=\"has-text-align-left\" data-align=\"left\">\ud83d\udd52 13:00 &#8211; 16:00<\/td><td>TarZ Arabesk M\u00fczik<\/td><\/tr><tr><td class=\"has-text-align-left\" data-align=\"left\">\ud83d\udd52 16:00 &#8211; 19:00<\/td><td>TarZ \u0130stek Saatti<\/td><\/tr><tr><td class=\"has-text-align-left\" data-align=\"left\">\ud83d\udd52 19:00 &#8211; 22:00<\/td><td>TarZ Nostalji M\u00fczik<\/td><\/tr><tr><td class=\"has-text-align-left\" data-align=\"left\">\ud83d\udd52 22:00 &#8211; 01:00<\/td><td>TarZ T\u00fcrk Sanat M\u00fczik<\/td><\/tr><\/tbody><\/table><\/figure>\n\n\n\n<h2 class=\"wp-block-heading has-text-align-center\"><strong>Cumartesi<\/strong><\/h2>\n\n\n\n<figure class=\"wp-block-table is-style-stripes\"><table class=\"has-fixed-layout\"><tbody><tr><td class=\"has-text-align-left\" data-align=\"left\">\ud83d\udd52 01:00 &#8211; 07:00<\/td><td>TarZ M\u00fczik<\/td><\/tr><tr><td class=\"has-text-align-left\" data-align=\"left\">\ud83d\udd52 07:00 &#8211; 10:00<\/td><td>TarZ Pop M\u00fczik<\/td><\/tr><tr><td class=\"has-text-align-left\" data-align=\"left\">\ud83d\udd52 10:00 &#8211; 13:00<\/td><td>TarZ Slow M\u00fczik<\/td><\/tr><tr><td class=\"has-text-align-left\" data-align=\"left\">\ud83d\udd52 13:00 &#8211; 16:00<\/td><td>TarZ Arabesk M\u00fczik<\/td><\/tr><tr><td class=\"has-text-align-left\" data-align=\"left\">\ud83d\udd52 16:00 &#8211; 19:00<\/td><td>TarZ \u0130stek Saatti<\/td><\/tr><tr><td class=\"has-text-align-left\" data-align=\"left\">\ud83d\udd52 19:00 &#8211; 22:00<\/td><td>TarZ Nostalji M\u00fczik<\/td><\/tr><tr><td class=\"has-text-align-left\" data-align=\"left\">\ud83d\udd52 22:00 &#8211; 01:00<\/td><td>TarZ T\u00fcrk Sanat M\u00fczik<\/td><\/tr><\/tbody><\/table><\/figure>\n\n\n\n<h2 class=\"wp-block-heading has-text-align-center\"><strong>Pazar<\/strong><\/h2>\n\n\n\n<figure class=\"wp-block-table is-style-stripes\"><table class=\"has-fixed-layout\"><tbody><tr><td class=\"has-text-align-left\" data-align=\"left\">\ud83d\udd52 01:00 &#8211; 07:00<\/td><td>TarZ M\u00fczik<\/td><\/tr><tr><td class=\"has-text-align-left\" data-align=\"left\">\ud83d\udd52 07:00 &#8211; 10:00<\/td><td>TarZ Pop M\u00fczik<\/td><\/tr><tr><td class=\"has-text-align-left\" data-align=\"left\">\ud83d\udd52 10:00 &#8211; 13:00<\/td><td>TarZ Slow M\u00fczik<\/td><\/tr><tr><td class=\"has-text-align-left\" data-align=\"left\">\ud83d\udd52 13:00 &#8211; 16:00<\/td><td>TarZ Arabesk M\u00fczik<\/td><\/tr><tr><td class=\"has-text-align-left\" data-align=\"left\">\ud83d\udd52 16:00 &#8211; 19:00<\/td><td>TarZ \u0130stek Saatti<\/td><\/tr><tr><td class=\"has-text-align-left\" data-align=\"left\">\ud83d\udd52 19:00 &#8211; 22:00<\/td><td>TarZ Nostalji M\u00fczik<\/td><\/tr><tr><td class=\"has-text-align-left\" data-align=\"left\">\ud83d\udd52 22:00 &#8211; 01:00<\/td><td>TarZ T\u00fcrk Sanat M\u00fczik<\/td><\/tr><\/tbody><\/table><\/figure>\n","protected":false},"excerpt":{"rendered":"<p>Hafta \u0130\u00e7i \ud83d\udd52 01:00 &#8211; 07:00 TarZ M\u00fczik \ud83d\udd52 07:00 &#8211; 10:00 TarZ Pop M\u00fczik \ud83d\udd52 10:00 &#8211; 13:00 TarZ [&hellip;]<\/p>\n","protected":false},"author":1,"featured_media":0,"parent":0,"menu_order":0,"comment_status":"closed","ping_status":"closed","template":"","meta":{"footnotes":""},"class_list":["post-3638","page","type-page","status-publish","hentry"],"yoast_head":"<!-- This site is optimized with the Yoast SEO plugin v27.2 - https:\/\/yoast.com\/product\/yoast-seo-wordpress\/ -->\n<title>Yay\u0131n Ak\u0131\u015f\u0131 - TARZFM<\/title>\n<meta name=\"robots\" content=\"index, follow, max-snippet:-1, max-image-preview:large, max-video-preview:-1\" \/>\n<link rel=\"canonical\" href=\"https:\/\/www.tarzfm.net\/index.php\/yayin-akisi\/\" \/>\n<meta property=\"og:locale\" content=\"tr_TR\" \/>\n<meta property=\"og:type\" content=\"article\" \/>\n<meta property=\"og:title\" content=\"Yay\u0131n Ak\u0131\u015f\u0131 - TARZFM\" \/>\n<meta property=\"og:description\" content=\"Hafta \u0130\u00e7i \ud83d\udd52 01:00 &#8211; 07:00 TarZ M\u00fczik \ud83d\udd52 07:00 &#8211; 10:00 TarZ Pop M\u00fczik \ud83d\udd52 10:00 &#8211; 13:00 TarZ [&hellip;]\" \/>\n<meta property=\"og:url\" content=\"https:\/\/www.tarzfm.net\/index.php\/yayin-akisi\/\" \/>\n<meta property=\"og:site_name\" content=\"TARZFM\" \/>\n<meta property=\"article:modified_time\" content=\"2026-02-06T14:40:47+00:00\" \/>\n<meta name=\"twitter:card\" content=\"summary_large_image\" \/>\n<meta name=\"twitter:label1\" content=\"Tahmini okuma s\u00fcresi\" \/>\n\t<meta name=\"twitter:data1\" content=\"1 dakika\" \/>\n<script type=\"application\/ld+json\" class=\"yoast-schema-graph\">{\"@context\":\"https:\/\/schema.org\",\"@graph\":[{\"@type\":\"WebPage\",\"@id\":\"https:\/\/www.tarzfm.net\/index.php\/yayin-akisi\/\",\"url\":\"https:\/\/www.tarzfm.net\/index.php\/yayin-akisi\/\",\"name\":\"Yay\u0131n Ak\u0131\u015f\u0131 - TARZFM\",\"isPartOf\":{\"@id\":\"https:\/\/www.tarzfm.net\/#website\"},\"datePublished\":\"2025-10-30T05:57:34+00:00\",\"dateModified\":\"2026-02-06T14:40:47+00:00\",\"breadcrumb\":{\"@id\":\"https:\/\/www.tarzfm.net\/index.php\/yayin-akisi\/#breadcrumb\"},\"inLanguage\":\"tr\",\"potentialAction\":[{\"@type\":\"ReadAction\",\"target\":[\"https:\/\/www.tarzfm.net\/index.php\/yayin-akisi\/\"]}]},{\"@type\":\"BreadcrumbList\",\"@id\":\"https:\/\/www.tarzfm.net\/index.php\/yayin-akisi\/#breadcrumb\",\"itemListElement\":[{\"@type\":\"ListItem\",\"position\":1,\"name\":\"Ana sayfa\",\"item\":\"https:\/\/www.tarzfm.net\/\"},{\"@type\":\"ListItem\",\"position\":2,\"name\":\"Yay\u0131n Ak\u0131\u015f\u0131\"}]},{\"@type\":\"WebSite\",\"@id\":\"https:\/\/www.tarzfm.net\/#website\",\"url\":\"https:\/\/www.tarzfm.net\/\",\"name\":\"TARZFM\",\"description\":\"RADYO\",\"publisher\":{\"@id\":\"https:\/\/www.tarzfm.net\/#organization\"},\"potentialAction\":[{\"@type\":\"SearchAction\",\"target\":{\"@type\":\"EntryPoint\",\"urlTemplate\":\"https:\/\/www.tarzfm.net\/?s={search_term_string}\"},\"query-input\":{\"@type\":\"PropertyValueSpecification\",\"valueRequired\":true,\"valueName\":\"search_term_string\"}}],\"inLanguage\":\"tr\"},{\"@type\":\"Organization\",\"@id\":\"https:\/\/www.tarzfm.net\/#organization\",\"name\":\"TARZFM\",\"url\":\"https:\/\/www.tarzfm.net\/\",\"logo\":{\"@type\":\"ImageObject\",\"inLanguage\":\"tr\",\"@id\":\"https:\/\/www.tarzfm.net\/#\/schema\/logo\/image\/\",\"url\":\"https:\/\/www.tarzfm.net\/wp-content\/uploads\/2025\/12\/\ud835\udd7f\ud835\udd86\ud835\udd97\ud835\udd9f\ud835\udd71\ud835\udd92-1.png\",\"contentUrl\":\"https:\/\/www.tarzfm.net\/wp-content\/uploads\/2025\/12\/\ud835\udd7f\ud835\udd86\ud835\udd97\ud835\udd9f\ud835\udd71\ud835\udd92-1.png\",\"width\":1041,\"height\":1041,\"caption\":\"TARZFM\"},\"image\":{\"@id\":\"https:\/\/www.tarzfm.net\/#\/schema\/logo\/image\/\"}}]}<\/script>\n<!-- \/ Yoast SEO plugin. -->","yoast_head_json":{"title":"Yay\u0131n Ak\u0131\u015f\u0131 - TARZFM","robots":{"index":"index","follow":"follow","max-snippet":"max-snippet:-1","max-image-preview":"max-image-preview:large","max-video-preview":"max-video-preview:-1"},"canonical":"https:\/\/www.tarzfm.net\/index.php\/yayin-akisi\/","og_locale":"tr_TR","og_type":"article","og_title":"Yay\u0131n Ak\u0131\u015f\u0131 - TARZFM","og_description":"Hafta \u0130\u00e7i \ud83d\udd52 01:00 &#8211; 07:00 TarZ M\u00fczik \ud83d\udd52 07:00 &#8211; 10:00 TarZ Pop M\u00fczik \ud83d\udd52 10:00 &#8211; 13:00 TarZ [&hellip;]","og_url":"https:\/\/www.tarzfm.net\/index.php\/yayin-akisi\/","og_site_name":"TARZFM","article_modified_time":"2026-02-06T14:40:47+00:00","twitter_card":"summary_large_image","twitter_misc":{"Tahmini okuma s\u00fcresi":"1 dakika"},"schema":{"@context":"https:\/\/schema.org","@graph":[{"@type":"WebPage","@id":"https:\/\/www.tarzfm.net\/index.php\/yayin-akisi\/","url":"https:\/\/www.tarzfm.net\/index.php\/yayin-akisi\/","name":"Yay\u0131n Ak\u0131\u015f\u0131 - TARZFM","isPartOf":{"@id":"https:\/\/www.tarzfm.net\/#website"},"datePublished":"2025-10-30T05:57:34+00:00","dateModified":"2026-02-06T14:40:47+00:00","breadcrumb":{"@id":"https:\/\/www.tarzfm.net\/index.php\/yayin-akisi\/#breadcrumb"},"inLanguage":"tr","potentialAction":[{"@type":"ReadAction","target":["https:\/\/www.tarzfm.net\/index.php\/yayin-akisi\/"]}]},{"@type":"BreadcrumbList","@id":"https:\/\/www.tarzfm.net\/index.php\/yayin-akisi\/#breadcrumb","itemListElement":[{"@type":"ListItem","position":1,"name":"Ana sayfa","item":"https:\/\/www.tarzfm.net\/"},{"@type":"ListItem","position":2,"name":"Yay\u0131n Ak\u0131\u015f\u0131"}]},{"@type":"WebSite","@id":"https:\/\/www.tarzfm.net\/#website","url":"https:\/\/www.tarzfm.net\/","name":"TARZFM","description":"RADYO","publisher":{"@id":"https:\/\/www.tarzfm.net\/#organization"},"potentialAction":[{"@type":"SearchAction","target":{"@type":"EntryPoint","urlTemplate":"https:\/\/www.tarzfm.net\/?s={search_term_string}"},"query-input":{"@type":"PropertyValueSpecification","valueRequired":true,"valueName":"search_term_string"}}],"inLanguage":"tr"},{"@type":"Organization","@id":"https:\/\/www.tarzfm.net\/#organization","name":"TARZFM","url":"https:\/\/www.tarzfm.net\/","logo":{"@type":"ImageObject","inLanguage":"tr","@id":"https:\/\/www.tarzfm.net\/#\/schema\/logo\/image\/","url":"https:\/\/www.tarzfm.net\/wp-content\/uploads\/2025\/12\/\ud835\udd7f\ud835\udd86\ud835\udd97\ud835\udd9f\ud835\udd71\ud835\udd92-1.png","contentUrl":"https:\/\/www.tarzfm.net\/wp-content\/uploads\/2025\/12\/\ud835\udd7f\ud835\udd86\ud835\udd97\ud835\udd9f\ud835\udd71\ud835\udd92-1.png","width":1041,"height":1041,"caption":"TARZFM"},"image":{"@id":"https:\/\/www.tarzfm.net\/#\/schema\/logo\/image\/"}}]}},"_links":{"self":[{"href":"https:\/\/www.tarzfm.net\/index.php\/wp-json\/wp\/v2\/pages\/3638","targetHints":{"allow":["GET"]}}],"collection":[{"href":"https:\/\/www.tarzfm.net\/index.php\/wp-json\/wp\/v2\/pages"}],"about":[{"href":"https:\/\/www.tarzfm.net\/index.php\/wp-json\/wp\/v2\/types\/page"}],"author":[{"embeddable":true,"href":"https:\/\/www.tarzfm.net\/index.php\/wp-json\/wp\/v2\/users\/1"}],"replies":[{"embeddable":true,"href":"https:\/\/www.tarzfm.net\/index.php\/wp-json\/wp\/v2\/comments?post=3638"}],"version-history":[{"count":89,"href":"https:\/\/www.tarzfm.net\/index.php\/wp-json\/wp\/v2\/pages\/3638\/revisions"}],"predecessor-version":[{"id":4109,"href":"https:\/\/www.tarzfm.net\/index.php\/wp-json\/wp\/v2\/pages\/3638\/revisions\/4109"}],"wp:attachment":[{"href":"https:\/\/www.tarzfm.net\/index.php\/wp-json\/wp\/v2\/media?parent=3638"}],"curies":[{"name":"wp","href":"https:\/\/api.w.org\/{rel}","templated":true}]}}